{"id":1505,"date":"2023-12-05T03:27:27","date_gmt":"2023-12-05T03:27:27","guid":{"rendered":"https:\/\/placeoversea.pt\/?page_id=1505"},"modified":"2023-12-05T03:35:06","modified_gmt":"2023-12-05T03:35:06","slug":"sobre-nos","status":"publish","type":"page","link":"https:\/\/placeoversea.pt\/en\/about-us\/","title":{"rendered":"About us"},"content":{"rendered":"<div data-elementor-type=\"wp-page\" data-elementor-id=\"1505\" class=\"elementor elementor-1505\" data-elementor-post-type=\"page\">\n\t\t\t\t<div class=\"elementor-element elementor-element-1831370 e-con-full e-flex e-con e-parent\" data-id=\"1831370\" data-element_type=\"container\" data-settings=\"{&quot;_ha_eqh_enable&quot;:false}\">\n\t\t<div class=\"elementor-element elementor-element-8eaa1f5 e-con-full e-flex e-con e-child\" data-id=\"8eaa1f5\" data-element_type=\"container\" data-settings=\"{&quot;background_background&quot;:&quot;slideshow&quot;,&quot;background_slideshow_gallery&quot;:[{&quot;id&quot;:1507,&quot;url&quot;:&quot;https:\\\/\\\/placeoversea.pt\\\/wp-content\\\/uploads\\\/2023\\\/12\\\/about-us-by-Place_Oversea.webp&quot;}],&quot;background_slideshow_loop&quot;:&quot;yes&quot;,&quot;background_slideshow_slide_duration&quot;:5000,&quot;background_slideshow_slide_transition&quot;:&quot;fade&quot;,&quot;background_slideshow_transition_duration&quot;:500,&quot;_ha_eqh_enable&quot;:false}\">\n\t\t\t\t<\/div>\n\t\t<div class=\"elementor-element elementor-element-e67564e e-con-full e-flex e-con e-child\" data-id=\"e67564e\" data-element_type=\"container\" data-settings=\"{&quot;_ha_eqh_enable&quot;:false}\">\n\t\t<div class=\"elementor-element elementor-element-91ff0bf e-flex e-con-boxed e-con e-child\" data-id=\"91ff0bf\" data-element_type=\"container\" data-settings=\"{&quot;_ha_eqh_enable&quot;:false}\">\n\t\t\t\t\t<div class=\"e-con-inner\">\n\t\t\t\t<div class=\"elementor-element elementor-element-7825c5e elementor-widget__width-initial elementor-widget elementor-widget-text-editor\" data-id=\"7825c5e\" data-element_type=\"widget\" data-widget_type=\"text-editor.default\">\n\t\t\t\t<div class=\"elementor-widget-container\">\n\t\t\t\t\t\t\t\t\t<h2>ABOUT US<\/h2>\t\t\t\t\t\t\t\t<\/div>\n\t\t\t\t<\/div>\n\t\t\t\t\t<\/div>\n\t\t\t\t<\/div>\n\t\t<div class=\"elementor-element elementor-element-0d6f0af e-flex e-con-boxed e-con e-child\" data-id=\"0d6f0af\" data-element_type=\"container\" data-settings=\"{&quot;_ha_eqh_enable&quot;:false}\">\n\t\t\t\t\t<div class=\"e-con-inner\">\n\t\t\t\t<div class=\"elementor-element elementor-element-33290dd elementor-widget elementor-widget-spacer\" data-id=\"33290dd\" data-element_type=\"widget\" data-widget_type=\"spacer.default\">\n\t\t\t\t<div class=\"elementor-widget-container\">\n\t\t\t\t\t\t\t<div class=\"elementor-spacer\">\n\t\t\t<div class=\"elementor-spacer-inner\"><\/div>\n\t\t<\/div>\n\t\t\t\t\t\t<\/div>\n\t\t\t\t<\/div>\n\t\t\t\t\t<\/div>\n\t\t\t\t<\/div>\n\t\t<div class=\"elementor-element elementor-element-c6ed28f e-flex e-con-boxed e-con e-child\" data-id=\"c6ed28f\" data-element_type=\"container\" data-settings=\"{&quot;_ha_eqh_enable&quot;:false}\">\n\t\t\t\t\t<div class=\"e-con-inner\">\n\t\t\t\t<div class=\"elementor-element elementor-element-cdd5fef elementor-widget__width-initial elementor-widget elementor-widget-text-editor\" data-id=\"cdd5fef\" data-element_type=\"widget\" data-widget_type=\"text-editor.default\">\n\t\t\t\t<div class=\"elementor-widget-container\">\n\t\t\t\t\t\t\t\t\t<h5><strong>Who we are<\/strong><\/h5>\t\t\t\t\t\t\t\t<\/div>\n\t\t\t\t<\/div>\n\t\t\t\t\t<\/div>\n\t\t\t\t<\/div>\n\t\t<div class=\"elementor-element elementor-element-7b227ce e-flex e-con-boxed e-con e-child\" data-id=\"7b227ce\" data-element_type=\"container\" data-settings=\"{&quot;_ha_eqh_enable&quot;:false}\">\n\t\t\t\t\t<div class=\"e-con-inner\">\n\t\t\t\t<div class=\"elementor-element elementor-element-4aff371 elementor-widget elementor-widget-text-editor\" data-id=\"4aff371\" data-element_type=\"widget\" data-widget_type=\"text-editor.default\">\n\t\t\t\t<div class=\"elementor-widget-container\">\n\t\t\t\t\t\t\t\t\t<p>We are a passionate team dedicated to providing memorable experiences for our guests. We believe that travel is more than just a destination; it is a journey of discovery, comfort and well-being.<\/p>\t\t\t\t\t\t\t\t<\/div>\n\t\t\t\t<\/div>\n\t\t\t\t\t<\/div>\n\t\t\t\t<\/div>\n\t\t<div class=\"elementor-element elementor-element-f96b58b e-flex e-con-boxed e-con e-child\" data-id=\"f96b58b\" data-element_type=\"container\" data-settings=\"{&quot;_ha_eqh_enable&quot;:false}\">\n\t\t\t\t\t<div class=\"e-con-inner\">\n\t\t\t\t<div class=\"elementor-element elementor-element-f3752c8 elementor-widget elementor-widget-spacer\" data-id=\"f3752c8\" data-element_type=\"widget\" data-widget_type=\"spacer.default\">\n\t\t\t\t<div class=\"elementor-widget-container\">\n\t\t\t\t\t\t\t<div class=\"elementor-spacer\">\n\t\t\t<div class=\"elementor-spacer-inner\"><\/div>\n\t\t<\/div>\n\t\t\t\t\t\t<\/div>\n\t\t\t\t<\/div>\n\t\t\t\t\t<\/div>\n\t\t\t\t<\/div>\n\t\t<div class=\"elementor-element elementor-element-557a599 e-flex e-con-boxed e-con e-child\" data-id=\"557a599\" data-element_type=\"container\" data-settings=\"{&quot;_ha_eqh_enable&quot;:false}\">\n\t\t\t\t\t<div class=\"e-con-inner\">\n\t\t\t\t<div class=\"elementor-element elementor-element-bc09ae8 elementor-widget elementor-widget-text-editor\" data-id=\"bc09ae8\" data-element_type=\"widget\" data-widget_type=\"text-editor.default\">\n\t\t\t\t<div class=\"elementor-widget-container\">\n\t\t\t\t\t\t\t\t\t<h5><strong>What we do<\/strong><\/h5>\t\t\t\t\t\t\t\t<\/div>\n\t\t\t\t<\/div>\n\t\t\t\t\t<\/div>\n\t\t\t\t<\/div>\n\t\t<div class=\"elementor-element elementor-element-e19da1b e-flex e-con-boxed e-con e-child\" data-id=\"e19da1b\" data-element_type=\"container\" data-settings=\"{&quot;_ha_eqh_enable&quot;:false}\">\n\t\t\t\t\t<div class=\"e-con-inner\">\n\t\t\t\t<div class=\"elementor-element elementor-element-2808870 elementor-widget elementor-widget-text-editor\" data-id=\"2808870\" data-element_type=\"widget\" data-widget_type=\"text-editor.default\">\n\t\t\t\t<div class=\"elementor-widget-container\">\n\t\t\t\t\t\t\t\t\t<p>We are a passionate team dedicated to providing memorable experiences for our guests. We believe that travel is more than just a destination; it is a journey of discovery, comfort and well-being.<\/p>\t\t\t\t\t\t\t\t<\/div>\n\t\t\t\t<\/div>\n\t\t\t\t\t<\/div>\n\t\t\t\t<\/div>\n\t\t\t\t<\/div>\n\t\t\t\t<\/div>\n\t\t\t\t<\/div>","protected":false},"excerpt":{"rendered":"<p>SOBRE N\u00d3S Quem somos Somos uma equipa apaixonada dedicada a proporcionar experi\u00eancias memor\u00e1veis aos nossos h\u00f3spedes. Acreditamos que a viagem \u00e9 mais do que apenas um destino; \u00e9 uma jornada [&hellip;]<\/p>","protected":false},"author":1,"featured_media":0,"parent":0,"menu_order":0,"comment_status":"closed","ping_status":"closed","template":"","meta":{"_eb_attr":"","inline_featured_image":false,"_monsterinsights_skip_tracking":false,"_monsterinsights_sitenote_active":false,"_monsterinsights_sitenote_note":"","_monsterinsights_sitenote_category":0,"footnotes":""},"class_list":["post-1505","page","type-page","status-publish","hentry"],"yoast_head":"<!-- This site is optimized with the Yoast SEO plugin v23.8 - https:\/\/yoast.com\/wordpress\/plugins\/seo\/ -->\n<title>Sobre N\u00f3s - Place Oversea<\/title>\n<meta name=\"robots\" content=\"index, follow, max-snippet:-1, max-image-preview:large, max-video-preview:-1\" \/>\n<link rel=\"canonical\" href=\"https:\/\/placeoversea.pt\/en\/about-us\/\" \/>\n<meta property=\"og:locale\" content=\"en_US\" \/>\n<meta property=\"og:type\" content=\"article\" \/>\n<meta property=\"og:title\" content=\"Sobre N\u00f3s - Place Oversea\" \/>\n<meta property=\"og:description\" content=\"SOBRE N\u00d3S Quem somos Somos uma equipa apaixonada dedicada a proporcionar experi\u00eancias memor\u00e1veis aos nossos h\u00f3spedes. Acreditamos que a viagem \u00e9 mais do que apenas um destino; \u00e9 uma jornada [&hellip;]\" \/>\n<meta property=\"og:url\" content=\"https:\/\/placeoversea.pt\/en\/about-us\/\" \/>\n<meta property=\"og:site_name\" content=\"Place Oversea\" \/>\n<meta property=\"article:modified_time\" content=\"2023-12-05T03:35:06+00:00\" \/>\n<meta name=\"twitter:card\" content=\"summary_large_image\" \/>\n<script type=\"application\/ld+json\" class=\"yoast-schema-graph\">{\"@context\":\"https:\/\/schema.org\",\"@graph\":[{\"@type\":\"WebPage\",\"@id\":\"https:\/\/placeoversea.pt\/sobre-nos\/\",\"url\":\"https:\/\/placeoversea.pt\/sobre-nos\/\",\"name\":\"Sobre N\u00f3s - Place Oversea\",\"isPartOf\":{\"@id\":\"https:\/\/placeoversea.pt\/#website\"},\"datePublished\":\"2023-12-05T03:27:27+00:00\",\"dateModified\":\"2023-12-05T03:35:06+00:00\",\"breadcrumb\":{\"@id\":\"https:\/\/placeoversea.pt\/sobre-nos\/#breadcrumb\"},\"inLanguage\":\"en-US\",\"potentialAction\":[{\"@type\":\"ReadAction\",\"target\":[\"https:\/\/placeoversea.pt\/sobre-nos\/\"]}]},{\"@type\":\"BreadcrumbList\",\"@id\":\"https:\/\/placeoversea.pt\/sobre-nos\/#breadcrumb\",\"itemListElement\":[{\"@type\":\"ListItem\",\"position\":1,\"name\":\"In\u00edcio\",\"item\":\"https:\/\/placeoversea.pt\/\"},{\"@type\":\"ListItem\",\"position\":2,\"name\":\"Sobre N\u00f3s\"}]},{\"@type\":\"WebSite\",\"@id\":\"https:\/\/placeoversea.pt\/#website\",\"url\":\"https:\/\/placeoversea.pt\/\",\"name\":\"Place Oversea\",\"description\":\"Gest\u00e3o Alojamento Local\",\"publisher\":{\"@id\":\"https:\/\/placeoversea.pt\/#organization\"},\"potentialAction\":[{\"@type\":\"SearchAction\",\"target\":{\"@type\":\"EntryPoint\",\"urlTemplate\":\"https:\/\/placeoversea.pt\/?s={search_term_string}\"},\"query-input\":{\"@type\":\"PropertyValueSpecification\",\"valueRequired\":true,\"valueName\":\"search_term_string\"}}],\"inLanguage\":\"en-US\"},{\"@type\":\"Organization\",\"@id\":\"https:\/\/placeoversea.pt\/#organization\",\"name\":\"Place Oversea\",\"url\":\"https:\/\/placeoversea.pt\/\",\"logo\":{\"@type\":\"ImageObject\",\"inLanguage\":\"en-US\",\"@id\":\"https:\/\/placeoversea.pt\/#\/schema\/logo\/image\/\",\"url\":\"https:\/\/placeoversea.pt\/wp-content\/uploads\/2024\/04\/cropped-Place-Oversea.webp\",\"contentUrl\":\"https:\/\/placeoversea.pt\/wp-content\/uploads\/2024\/04\/cropped-Place-Oversea.webp\",\"width\":512,\"height\":512,\"caption\":\"Place Oversea\"},\"image\":{\"@id\":\"https:\/\/placeoversea.pt\/#\/schema\/logo\/image\/\"}}]}<\/script>\n<!-- \/ Yoast SEO plugin. -->","yoast_head_json":{"title":"Sobre N\u00f3s - Place Oversea","robots":{"index":"index","follow":"follow","max-snippet":"max-snippet:-1","max-image-preview":"max-image-preview:large","max-video-preview":"max-video-preview:-1"},"canonical":"https:\/\/placeoversea.pt\/en\/about-us\/","og_locale":"en_US","og_type":"article","og_title":"Sobre N\u00f3s - Place Oversea","og_description":"SOBRE N\u00d3S Quem somos Somos uma equipa apaixonada dedicada a proporcionar experi\u00eancias memor\u00e1veis aos nossos h\u00f3spedes. Acreditamos que a viagem \u00e9 mais do que apenas um destino; \u00e9 uma jornada [&hellip;]","og_url":"https:\/\/placeoversea.pt\/en\/about-us\/","og_site_name":"Place Oversea","article_modified_time":"2023-12-05T03:35:06+00:00","twitter_card":"summary_large_image","schema":{"@context":"https:\/\/schema.org","@graph":[{"@type":"WebPage","@id":"https:\/\/placeoversea.pt\/sobre-nos\/","url":"https:\/\/placeoversea.pt\/sobre-nos\/","name":"Sobre N\u00f3s - Place Oversea","isPartOf":{"@id":"https:\/\/placeoversea.pt\/#website"},"datePublished":"2023-12-05T03:27:27+00:00","dateModified":"2023-12-05T03:35:06+00:00","breadcrumb":{"@id":"https:\/\/placeoversea.pt\/sobre-nos\/#breadcrumb"},"inLanguage":"en-US","potentialAction":[{"@type":"ReadAction","target":["https:\/\/placeoversea.pt\/sobre-nos\/"]}]},{"@type":"BreadcrumbList","@id":"https:\/\/placeoversea.pt\/sobre-nos\/#breadcrumb","itemListElement":[{"@type":"ListItem","position":1,"name":"In\u00edcio","item":"https:\/\/placeoversea.pt\/"},{"@type":"ListItem","position":2,"name":"Sobre N\u00f3s"}]},{"@type":"WebSite","@id":"https:\/\/placeoversea.pt\/#website","url":"https:\/\/placeoversea.pt\/","name":"Place Oversea","description":"Gest\u00e3o Alojamento Local","publisher":{"@id":"https:\/\/placeoversea.pt\/#organization"},"potentialAction":[{"@type":"SearchAction","target":{"@type":"EntryPoint","urlTemplate":"https:\/\/placeoversea.pt\/?s={search_term_string}"},"query-input":{"@type":"PropertyValueSpecification","valueRequired":true,"valueName":"search_term_string"}}],"inLanguage":"en-US"},{"@type":"Organization","@id":"https:\/\/placeoversea.pt\/#organization","name":"Place Oversea","url":"https:\/\/placeoversea.pt\/","logo":{"@type":"ImageObject","inLanguage":"en-US","@id":"https:\/\/placeoversea.pt\/#\/schema\/logo\/image\/","url":"https:\/\/placeoversea.pt\/wp-content\/uploads\/2024\/04\/cropped-Place-Oversea.webp","contentUrl":"https:\/\/placeoversea.pt\/wp-content\/uploads\/2024\/04\/cropped-Place-Oversea.webp","width":512,"height":512,"caption":"Place Oversea"},"image":{"@id":"https:\/\/placeoversea.pt\/#\/schema\/logo\/image\/"}}]}},"_links":{"self":[{"href":"https:\/\/placeoversea.pt\/en\/wp-json\/wp\/v2\/pages\/1505","targetHints":{"allow":["GET"]}}],"collection":[{"href":"https:\/\/placeoversea.pt\/en\/wp-json\/wp\/v2\/pages"}],"about":[{"href":"https:\/\/placeoversea.pt\/en\/wp-json\/wp\/v2\/types\/page"}],"author":[{"embeddable":true,"href":"https:\/\/placeoversea.pt\/en\/wp-json\/wp\/v2\/users\/1"}],"replies":[{"embeddable":true,"href":"https:\/\/placeoversea.pt\/en\/wp-json\/wp\/v2\/comments?post=1505"}],"version-history":[{"count":0,"href":"https:\/\/placeoversea.pt\/en\/wp-json\/wp\/v2\/pages\/1505\/revisions"}],"wp:attachment":[{"href":"https:\/\/placeoversea.pt\/en\/wp-json\/wp\/v2\/media?parent=1505"}],"curies":[{"name":"wp","href":"https:\/\/api.w.org\/{rel}","templated":true}]}}