{"id":1484,"date":"2023-12-05T02:44:03","date_gmt":"2023-12-05T02:44:03","guid":{"rendered":"https:\/\/placeoversea.pt\/?page_id=1484"},"modified":"2024-11-05T23:56:04","modified_gmt":"2024-11-05T23:56:04","slug":"contactos","status":"publish","type":"page","link":"https:\/\/placeoversea.pt\/en\/contacts\/","title":{"rendered":"Contacts"},"content":{"rendered":"<div data-elementor-type=\"wp-page\" data-elementor-id=\"1484\" class=\"elementor elementor-1484\" data-elementor-post-type=\"page\">\n\t\t\t\t<div class=\"elementor-element elementor-element-39264ab7 e-con-full e-flex e-con e-parent\" data-id=\"39264ab7\" data-element_type=\"container\" data-settings=\"{&quot;_ha_eqh_enable&quot;:false}\">\n\t\t<div class=\"elementor-element elementor-element-199ba929 e-con-full e-flex e-con e-child\" data-id=\"199ba929\" data-element_type=\"container\" data-settings=\"{&quot;_ha_eqh_enable&quot;:false}\">\n\t\t\t\t<div class=\"elementor-element elementor-element-42005b54 elementor-widget elementor-widget-heading\" data-id=\"42005b54\" data-element_type=\"widget\" data-widget_type=\"heading.default\">\n\t\t\t\t<div class=\"elementor-widget-container\">\n\t\t\t\t\t<h1 class=\"elementor-heading-title elementor-size-default\">Contact us<\/h1>\t\t\t\t<\/div>\n\t\t\t\t<\/div>\n\t\t\t\t<div class=\"elementor-element elementor-element-37c0cebb elementor-widget elementor-widget-text-editor\" data-id=\"37c0cebb\" data-element_type=\"widget\" data-widget_type=\"text-editor.default\">\n\t\t\t\t<div class=\"elementor-widget-container\">\n\t\t\t\t\t\t\t\t\t<p>We'd love to hear from you!<br \/>Don't hesitate to contact us using the details below<\/p>\t\t\t\t\t\t\t\t<\/div>\n\t\t\t\t<\/div>\n\t\t\t\t<\/div>\n\t\t<div class=\"elementor-element elementor-element-6de51f39 e-con-full e-flex e-con e-child\" data-id=\"6de51f39\" data-element_type=\"container\" data-settings=\"{&quot;_ha_eqh_enable&quot;:false}\">\n\t\t\t\t<div class=\"elementor-element elementor-element-39f017e4 elementor-widget elementor-widget-image\" data-id=\"39f017e4\" data-element_type=\"widget\" data-widget_type=\"image.default\">\n\t\t\t\t<div class=\"elementor-widget-container\">\n\t\t\t\t\t\t\t\t\t\t\t\t\t\t\t<img fetchpriority=\"high\" decoding=\"async\" width=\"800\" height=\"600\" src=\"https:\/\/placeoversea.pt\/wp-content\/uploads\/2023\/12\/Ponnta-do-Sol-by-Place-Oversea-1024x768.webp\" class=\"attachment-large size-large wp-image-1219\" alt=\"\" srcset=\"https:\/\/placeoversea.pt\/wp-content\/uploads\/2023\/12\/Ponnta-do-Sol-by-Place-Oversea-1024x768.webp 1024w, https:\/\/placeoversea.pt\/wp-content\/uploads\/2023\/12\/Ponnta-do-Sol-by-Place-Oversea-300x225.webp 300w, https:\/\/placeoversea.pt\/wp-content\/uploads\/2023\/12\/Ponnta-do-Sol-by-Place-Oversea-768x576.webp 768w, https:\/\/placeoversea.pt\/wp-content\/uploads\/2023\/12\/Ponnta-do-Sol-by-Place-Oversea.webp 1440w\" sizes=\"(max-width: 800px) 100vw, 800px\" \/>\t\t\t\t\t\t\t\t\t\t\t\t\t\t\t<\/div>\n\t\t\t\t<\/div>\n\t\t\t\t<\/div>\n\t\t\t\t<\/div>\n\t\t<div class=\"elementor-element elementor-element-225ef552 e-con-full e-flex e-con e-parent\" data-id=\"225ef552\" data-element_type=\"container\" data-settings=\"{&quot;background_background&quot;:&quot;classic&quot;,&quot;_ha_eqh_enable&quot;:false}\">\n\t\t<div class=\"elementor-element elementor-element-4018fa91 e-con-full e-flex e-con e-child\" data-id=\"4018fa91\" data-element_type=\"container\" data-settings=\"{&quot;_ha_eqh_enable&quot;:false}\">\n\t\t\t\t<div class=\"elementor-element elementor-element-3f1c203c elementor-widget elementor-widget-image\" data-id=\"3f1c203c\" data-element_type=\"widget\" data-widget_type=\"image.default\">\n\t\t\t\t<div class=\"elementor-widget-container\">\n\t\t\t\t\t\t\t\t\t\t\t\t\t\t\t<img decoding=\"async\" width=\"800\" height=\"534\" src=\"https:\/\/placeoversea.pt\/wp-content\/uploads\/2023\/12\/Villa-Harmonia-3.0-38-1-1024x683.jpg\" class=\"attachment-large size-large wp-image-1124\" alt=\"\" srcset=\"https:\/\/placeoversea.pt\/wp-content\/uploads\/2023\/12\/Villa-Harmonia-3.0-38-1-1024x683.jpg 1024w, https:\/\/placeoversea.pt\/wp-content\/uploads\/2023\/12\/Villa-Harmonia-3.0-38-1-300x200.jpg 300w, https:\/\/placeoversea.pt\/wp-content\/uploads\/2023\/12\/Villa-Harmonia-3.0-38-1-768x512.jpg 768w, https:\/\/placeoversea.pt\/wp-content\/uploads\/2023\/12\/Villa-Harmonia-3.0-38-1-1536x1024.jpg 1536w, https:\/\/placeoversea.pt\/wp-content\/uploads\/2023\/12\/Villa-Harmonia-3.0-38-1.jpg 1620w\" sizes=\"(max-width: 800px) 100vw, 800px\" \/>\t\t\t\t\t\t\t\t\t\t\t\t\t\t\t<\/div>\n\t\t\t\t<\/div>\n\t\t\t\t<\/div>\n\t\t<div class=\"elementor-element elementor-element-2fb77a5e e-con-full e-flex e-con e-child\" data-id=\"2fb77a5e\" data-element_type=\"container\" data-settings=\"{&quot;_ha_eqh_enable&quot;:false}\">\n\t\t\t\t<div class=\"elementor-element elementor-element-6d3a1b3c elementor-align-left elementor-icon-list--layout-traditional elementor-list-item-link-full_width elementor-widget elementor-widget-icon-list\" data-id=\"6d3a1b3c\" data-element_type=\"widget\" data-widget_type=\"icon-list.default\">\n\t\t\t\t<div class=\"elementor-widget-container\">\n\t\t\t\t\t\t\t<ul class=\"elementor-icon-list-items\">\n\t\t\t\t\t\t\t<li class=\"elementor-icon-list-item\">\n\t\t\t\t\t\t\t\t\t\t\t<span class=\"elementor-icon-list-icon\">\n\t\t\t\t\t\t\t<i aria-hidden=\"true\" class=\"xlio ion-md-pin\"><\/i>\t\t\t\t\t\t<\/span>\n\t\t\t\t\t\t\t\t\t\t<span class=\"elementor-icon-list-text\"><b>Address:<\/b> Ed. Jardins do Mar, Estrada Monumental 410, Funchal<\/span>\n\t\t\t\t\t\t\t\t\t<\/li>\n\t\t\t\t\t\t\t\t<li class=\"elementor-icon-list-item\">\n\t\t\t\t\t\t\t\t\t\t\t<span class=\"elementor-icon-list-icon\">\n\t\t\t\t\t\t\t<i aria-hidden=\"true\" class=\"xlwpf isaxbold-clock\"><\/i>\t\t\t\t\t\t<\/span>\n\t\t\t\t\t\t\t\t\t\t<span class=\"elementor-icon-list-text\"><b>Schedule:<\/b> Monday to Friday 9:00 - 18:00<\/span>\n\t\t\t\t\t\t\t\t\t<\/li>\n\t\t\t\t\t\t\t\t<li class=\"elementor-icon-list-item\">\n\t\t\t\t\t\t\t\t\t\t\t<span class=\"elementor-icon-list-icon\">\n\t\t\t\t\t\t\t<svg aria-hidden=\"true\" class=\"e-font-icon-svg e-fas-phone-volume\" viewbox=\"0 0 384 512\" xmlns=\"http:\/\/www.w3.org\/2000\/svg\"><path d=\"M97.333 506.966c-129.874-129.874-129.681-340.252 0-469.933 5.698-5.698 14.527-6.632 21.263-2.422l64.817 40.513a17.187 17.187 0 0 1 6.849 20.958l-32.408 81.021a17.188 17.188 0 0 1-17.669 10.719l-55.81-5.58c-21.051 58.261-20.612 122.471 0 179.515l55.811-5.581a17.188 17.188 0 0 1 17.669 10.719l32.408 81.022a17.188 17.188 0 0 1-6.849 20.958l-64.817 40.513a17.19 17.19 0 0 1-21.264-2.422zM247.126 95.473c11.832 20.047 11.832 45.008 0 65.055-3.95 6.693-13.108 7.959-18.718 2.581l-5.975-5.726c-3.911-3.748-4.793-9.622-2.261-14.41a32.063 32.063 0 0 0 0-29.945c-2.533-4.788-1.65-10.662 2.261-14.41l5.975-5.726c5.61-5.378 14.768-4.112 18.718 2.581zm91.787-91.187c60.14 71.604 60.092 175.882 0 247.428-4.474 5.327-12.53 5.746-17.552.933l-5.798-5.557c-4.56-4.371-4.977-11.529-.93-16.379 49.687-59.538 49.646-145.933 0-205.422-4.047-4.85-3.631-12.008.93-16.379l5.798-5.557c5.022-4.813 13.078-4.394 17.552.933zm-45.972 44.941c36.05 46.322 36.108 111.149 0 157.546-4.39 5.641-12.697 6.251-17.856 1.304l-5.818-5.579c-4.4-4.219-4.998-11.095-1.285-15.931 26.536-34.564 26.534-82.572 0-117.134-3.713-4.836-3.115-11.711 1.285-15.931l5.818-5.579c5.159-4.947 13.466-4.337 17.856 1.304z\"><\/path><\/svg>\t\t\t\t\t\t<\/span>\n\t\t\t\t\t\t\t\t\t\t<span class=\"elementor-icon-list-text\"><b>Phone:<\/b> +351 967 034 432<\/span>\n\t\t\t\t\t\t\t\t\t<\/li>\n\t\t\t\t\t\t\t\t<li class=\"elementor-icon-list-item\">\n\t\t\t\t\t\t\t\t\t\t\t<span class=\"elementor-icon-list-icon\">\n\t\t\t\t\t\t\t<i aria-hidden=\"true\" class=\"xlio ion-ios-mail-open\"><\/i>\t\t\t\t\t\t<\/span>\n\t\t\t\t\t\t\t\t\t\t<span class=\"elementor-icon-list-text\"><b>Email:<\/b> info@placeoversea.pt<\/span>\n\t\t\t\t\t\t\t\t\t<\/li>\n\t\t\t\t\t\t<\/ul>\n\t\t\t\t\t\t<\/div>\n\t\t\t\t<\/div>\n\t\t\t\t<\/div>\n\t\t\t\t<\/div>\n\t\t<header class=\"elementor-element elementor-element-6171b039 e-con-full e-flex e-con e-parent\" data-id=\"6171b039\" data-element_type=\"container\" data-settings=\"{&quot;_ha_eqh_enable&quot;:false}\">\n\t\t<div class=\"elementor-element elementor-element-715a3e9c e-con-full e-flex e-con e-child\" data-id=\"715a3e9c\" data-element_type=\"container\" data-settings=\"{&quot;_ha_eqh_enable&quot;:false}\">\n\t\t\t\t<div class=\"elementor-element elementor-element-7cb3b76a elementor-widget elementor-widget-image\" data-id=\"7cb3b76a\" data-element_type=\"widget\" data-widget_type=\"image.default\">\n\t\t\t\t<div class=\"elementor-widget-container\">\n\t\t\t\t\t\t\t\t\t\t\t\t\t\t\t<img decoding=\"async\" width=\"1280\" height=\"853\" src=\"https:\/\/placeoversea.pt\/wp-content\/uploads\/2024\/04\/rsz_sunscape_studio_by_place_oversea-26.webp\" class=\"attachment-full size-full wp-image-2255 not-transparent\" alt=\"\" srcset=\"https:\/\/placeoversea.pt\/wp-content\/uploads\/2024\/04\/rsz_sunscape_studio_by_place_oversea-26.webp 1280w, https:\/\/placeoversea.pt\/wp-content\/uploads\/2024\/04\/rsz_sunscape_studio_by_place_oversea-26-300x200.webp 300w, https:\/\/placeoversea.pt\/wp-content\/uploads\/2024\/04\/rsz_sunscape_studio_by_place_oversea-26-1024x682.webp 1024w, https:\/\/placeoversea.pt\/wp-content\/uploads\/2024\/04\/rsz_sunscape_studio_by_place_oversea-26-768x512.webp 768w, https:\/\/placeoversea.pt\/wp-content\/uploads\/2024\/04\/rsz_sunscape_studio_by_place_oversea-26-18x12.webp 18w\" sizes=\"(max-width: 1280px) 100vw, 1280px\" data-has-transparency=\"false\" data-dominant-color=\"a59a99\" style=\"--dominant-color: #a59a99\" \/>\t\t\t\t\t\t\t\t\t\t\t\t\t\t\t<\/div>\n\t\t\t\t<\/div>\n\t\t\t\t<\/div>\n\t\t<div class=\"elementor-element elementor-element-1ec027de e-con-full e-flex e-con e-child\" data-id=\"1ec027de\" data-element_type=\"container\" data-settings=\"{&quot;_ha_eqh_enable&quot;:false}\">\n\t\t\t\t<div class=\"elementor-element elementor-element-62b7822 elementor-button-align-stretch elementor-widget elementor-widget-form\" data-id=\"62b7822\" data-element_type=\"widget\" data-settings=\"{&quot;step_next_label&quot;:&quot;Next&quot;,&quot;step_previous_label&quot;:&quot;Anterior&quot;,&quot;button_width&quot;:&quot;100&quot;,&quot;step_type&quot;:&quot;number_text&quot;,&quot;step_icon_shape&quot;:&quot;circle&quot;}\" data-widget_type=\"form.default\">\n\t\t\t\t<div class=\"elementor-widget-container\">\n\t\t\t\t\t\t\t<form class=\"elementor-form\" method=\"post\" name=\"New Form\">\n\t\t\t<input type=\"hidden\" name=\"post_id\" value=\"1484\"\/>\n\t\t\t<input type=\"hidden\" name=\"form_id\" value=\"62b7822\"\/>\n\t\t\t<input type=\"hidden\" name=\"referer_title\" value=\"Place Oversea\" \/>\n\n\t\t\t\n\t\t\t<div class=\"elementor-form-fields-wrapper elementor-labels-\">\n\t\t\t\t\t\t\t\t<div class=\"elementor-field-type-text elementor-field-group elementor-column elementor-field-group-name elementor-col-100\">\n\t\t\t\t\t\t\t\t\t\t\t\t<label for=\"form-field-name\" class=\"elementor-field-label elementor-screen-only\">\n\t\t\t\t\t\t\t\tName\t\t\t\t\t\t\t<\/label>\n\t\t\t\t\t\t\t\t\t\t\t\t\t\t<input size=\"1\" type=\"text\" name=\"form_fields[name]\" id=\"form-field-name\" class=\"elementor-field elementor-size-sm  elementor-field-textual\" placeholder=\"Name\">\n\t\t\t\t\t\t\t\t\t\t\t<\/div>\n\t\t\t\t\t\t\t\t<div class=\"elementor-field-type-email elementor-field-group elementor-column elementor-field-group-email elementor-col-100 elementor-field-required\">\n\t\t\t\t\t\t\t\t\t\t\t\t<label for=\"form-field-email\" class=\"elementor-field-label elementor-screen-only\">\n\t\t\t\t\t\t\t\tEmail\t\t\t\t\t\t\t<\/label>\n\t\t\t\t\t\t\t\t\t\t\t\t\t\t<input size=\"1\" type=\"email\" name=\"form_fields[email]\" id=\"form-field-email\" class=\"elementor-field elementor-size-sm  elementor-field-textual\" placeholder=\"Email\" required=\"required\" aria-required=\"true\">\n\t\t\t\t\t\t\t\t\t\t\t<\/div>\n\t\t\t\t\t\t\t\t<div class=\"elementor-field-type-textarea elementor-field-group elementor-column elementor-field-group-message elementor-col-100\">\n\t\t\t\t\t\t\t\t\t\t\t\t<label for=\"form-field-message\" class=\"elementor-field-label elementor-screen-only\">\n\t\t\t\t\t\t\t\tMessage\t\t\t\t\t\t\t<\/label>\n\t\t\t\t\t\t<textarea class=\"elementor-field-textual elementor-field  elementor-size-sm\" name=\"form_fields[message]\" id=\"form-field-message\" rows=\"4\" placeholder=\"Message\"><\/textarea>\t\t\t\t<\/div>\n\t\t\t\t\t\t\t\t<div class=\"elementor-field-group elementor-column elementor-field-type-submit elementor-col-100 e-form__buttons\">\n\t\t\t\t\t<button type=\"submit\" class=\"elementor-button elementor-size-sm\">\n\t\t\t\t\t\t<span >\n\t\t\t\t\t\t\t\t\t\t\t\t\t\t\t<span class=\"elementor-button-icon\">\n\t\t\t\t\t\t\t\t\t\t\t\t\t\t\t\t\t\t\t\t\t\t\t\t\t\t<\/span>\n\t\t\t\t\t\t\t\t\t\t\t\t\t\t\t\t\t\t\t\t\t\t<span class=\"elementor-button-text\">Send<\/span>\n\t\t\t\t\t\t\t\t\t\t\t\t\t<\/span>\n\t\t\t\t\t<\/button>\n\t\t\t\t<\/div>\n\t\t\t<\/div>\n\t\t<input type=\"hidden\" name=\"trp-form-language\" value=\"en\"\/><\/form>\n\t\t\t\t\t\t<\/div>\n\t\t\t\t<\/div>\n\t\t\t\t<\/div>\n\t\t\t\t<\/header>\n\t\t<div class=\"elementor-element elementor-element-51324b3d e-con-full e-flex e-con e-parent\" data-id=\"51324b3d\" data-element_type=\"container\" data-settings=\"{&quot;_ha_eqh_enable&quot;:false}\">\n\t\t<div class=\"elementor-element elementor-element-69e2e890 e-con-full e-flex e-con e-child\" data-id=\"69e2e890\" data-element_type=\"container\" data-settings=\"{&quot;background_background&quot;:&quot;classic&quot;,&quot;_ha_eqh_enable&quot;:false}\">\n\t\t\t\t<div class=\"elementor-element elementor-element-6a8fec18 elementor-widget elementor-widget-google_maps\" data-id=\"6a8fec18\" data-element_type=\"widget\" data-widget_type=\"google_maps.default\">\n\t\t\t\t<div class=\"elementor-widget-container\">\n\t\t\t\t\t\t\t<div class=\"elementor-custom-embed\">\n\t\t\t<iframe loading=\"lazy\"\n\t\t\t\t\tsrc=\"https:\/\/www.google.com\/maps\/embed\/v1\/place?key=AIzaSyAzPIOt2HzNi9dAPHXohzrV0Zw48xFjkL4&#038;q=Ed.%20Jardins%20do%20Mar%2C%20Estrada%20Monumental%20404%2C%209000-236%20Funchal&#038;zoom=17\"\n\t\t\t\t\ttitle=\"Ed. Jardins do Mar, Estrada Monumental 404, 9000-236 Funchal\"\n\t\t\t\t\taria-label=\"Ed. Jardins do Mar, Estrada Monumental 404, 9000-236 Funchal\"\n\t\t\t><\/iframe>\n\t\t<\/div>\n\t\t\t\t\t\t<\/div>\n\t\t\t\t<\/div>\n\t\t\t\t<\/div>\n\t\t<div class=\"elementor-element elementor-element-2003f545 e-con-full e-flex e-con e-child\" data-id=\"2003f545\" data-element_type=\"container\" data-settings=\"{&quot;_ha_eqh_enable&quot;:false}\">\n\t\t\t\t<div class=\"elementor-element elementor-element-4db22cc elementor-widget elementor-widget-heading\" data-id=\"4db22cc\" data-element_type=\"widget\" data-widget_type=\"heading.default\">\n\t\t\t\t<div class=\"elementor-widget-container\">\n\t\t\t\t\t<h2 class=\"elementor-heading-title elementor-size-default\">Visit us<\/h2>\t\t\t\t<\/div>\n\t\t\t\t<\/div>\n\t\t\t\t<div class=\"elementor-element elementor-element-248d5ce8 elementor-widget elementor-widget-icon-box\" data-id=\"248d5ce8\" data-element_type=\"widget\" data-widget_type=\"icon-box.default\">\n\t\t\t\t<div class=\"elementor-widget-container\">\n\t\t\t\t\t\t\t<div class=\"elementor-icon-box-wrapper\">\n\n\t\t\t\n\t\t\t\t\t\t<div class=\"elementor-icon-box-content\">\n\n\t\t\t\t\t\t\t\t\t<h4 class=\"elementor-icon-box-title\">\n\t\t\t\t\t\t<span  >\n\t\t\t\t\t\t\tAddress\t\t\t\t\t\t<\/span>\n\t\t\t\t\t<\/h4>\n\t\t\t\t\n\t\t\t\t\t\t\t\t\t<p class=\"elementor-icon-box-description\">\n\t\t\t\t\t\tEd. Jardins do Mar, Estrada Monumental 410, Funchal\t\t\t\t\t<\/p>\n\t\t\t\t\n\t\t\t<\/div>\n\t\t\t\n\t\t<\/div>\n\t\t\t\t\t\t<\/div>\n\t\t\t\t<\/div>\n\t\t\t\t<\/div>\n\t\t\t\t<\/div>\n\t\t\t\t<\/div>","protected":false},"excerpt":{"rendered":"<p>Contacte-nos Adorar\u00edamos ouvir a sua opini\u00e3o!N\u00e3o hesite em entrar em contacto connosco atrav\u00e9s dos dados abaixo Morada: Ed. Jardins do Mar, Estrada Monumental 410, Funchal Hor\u00e1rio: Segunda a Sexta 9:00 [&hellip;]<\/p>","protected":false},"author":1,"featured_media":0,"parent":0,"menu_order":0,"comment_status":"closed","ping_status":"closed","template":"","meta":{"_eb_attr":"","inline_featured_image":false,"_monsterinsights_skip_tracking":false,"_monsterinsights_sitenote_active":false,"_monsterinsights_sitenote_note":"","_monsterinsights_sitenote_category":0,"footnotes":""},"class_list":["post-1484","page","type-page","status-publish","hentry"],"yoast_head":"<!-- This site is optimized with the Yoast SEO plugin v23.8 - https:\/\/yoast.com\/wordpress\/plugins\/seo\/ -->\n<title>Contactos - Place Oversea<\/title>\n<meta name=\"robots\" content=\"index, follow, max-snippet:-1, max-image-preview:large, max-video-preview:-1\" \/>\n<link rel=\"canonical\" href=\"https:\/\/placeoversea.pt\/en\/contacts\/\" \/>\n<meta property=\"og:locale\" content=\"en_US\" \/>\n<meta property=\"og:type\" content=\"article\" \/>\n<meta property=\"og:title\" content=\"Contactos - Place Oversea\" \/>\n<meta property=\"og:description\" content=\"Contacte-nos Adorar\u00edamos ouvir a sua opini\u00e3o!N\u00e3o hesite em entrar em contacto connosco atrav\u00e9s dos dados abaixo Morada: Ed. Jardins do Mar, Estrada Monumental 410, Funchal Hor\u00e1rio: Segunda a Sexta 9:00 [&hellip;]\" \/>\n<meta property=\"og:url\" content=\"https:\/\/placeoversea.pt\/en\/contacts\/\" \/>\n<meta property=\"og:site_name\" content=\"Place Oversea\" \/>\n<meta property=\"article:modified_time\" content=\"2024-11-05T23:56:04+00:00\" \/>\n<meta property=\"og:image\" content=\"https:\/\/placeoversea.pt\/wp-content\/uploads\/2023\/12\/Ponnta-do-Sol-by-Place-Oversea.webp\" \/>\n\t<meta property=\"og:image:width\" content=\"1440\" \/>\n\t<meta property=\"og:image:height\" content=\"1080\" \/>\n\t<meta property=\"og:image:type\" content=\"image\/webp\" \/>\n<meta name=\"twitter:card\" content=\"summary_large_image\" \/>\n<meta name=\"twitter:label1\" content=\"Est. reading time\" \/>\n\t<meta name=\"twitter:data1\" content=\"1 minute\" \/>\n<script type=\"application\/ld+json\" class=\"yoast-schema-graph\">{\"@context\":\"https:\/\/schema.org\",\"@graph\":[{\"@type\":\"WebPage\",\"@id\":\"https:\/\/placeoversea.pt\/contactos\/\",\"url\":\"https:\/\/placeoversea.pt\/contactos\/\",\"name\":\"Contactos - Place Oversea\",\"isPartOf\":{\"@id\":\"https:\/\/placeoversea.pt\/#website\"},\"primaryImageOfPage\":{\"@id\":\"https:\/\/placeoversea.pt\/contactos\/#primaryimage\"},\"image\":{\"@id\":\"https:\/\/placeoversea.pt\/contactos\/#primaryimage\"},\"thumbnailUrl\":\"https:\/\/placeoversea.pt\/wp-content\/uploads\/2023\/12\/Ponnta-do-Sol-by-Place-Oversea-1024x768.webp\",\"datePublished\":\"2023-12-05T02:44:03+00:00\",\"dateModified\":\"2024-11-05T23:56:04+00:00\",\"breadcrumb\":{\"@id\":\"https:\/\/placeoversea.pt\/contactos\/#breadcrumb\"},\"inLanguage\":\"en-US\",\"potentialAction\":[{\"@type\":\"ReadAction\",\"target\":[\"https:\/\/placeoversea.pt\/contactos\/\"]}]},{\"@type\":\"ImageObject\",\"inLanguage\":\"en-US\",\"@id\":\"https:\/\/placeoversea.pt\/contactos\/#primaryimage\",\"url\":\"https:\/\/placeoversea.pt\/wp-content\/uploads\/2023\/12\/Ponnta-do-Sol-by-Place-Oversea-1024x768.webp\",\"contentUrl\":\"https:\/\/placeoversea.pt\/wp-content\/uploads\/2023\/12\/Ponnta-do-Sol-by-Place-Oversea-1024x768.webp\"},{\"@type\":\"BreadcrumbList\",\"@id\":\"https:\/\/placeoversea.pt\/contactos\/#breadcrumb\",\"itemListElement\":[{\"@type\":\"ListItem\",\"position\":1,\"name\":\"In\u00edcio\",\"item\":\"https:\/\/placeoversea.pt\/\"},{\"@type\":\"ListItem\",\"position\":2,\"name\":\"Contactos\"}]},{\"@type\":\"WebSite\",\"@id\":\"https:\/\/placeoversea.pt\/#website\",\"url\":\"https:\/\/placeoversea.pt\/\",\"name\":\"Place Oversea\",\"description\":\"Gest\u00e3o Alojamento Local\",\"publisher\":{\"@id\":\"https:\/\/placeoversea.pt\/#organization\"},\"potentialAction\":[{\"@type\":\"SearchAction\",\"target\":{\"@type\":\"EntryPoint\",\"urlTemplate\":\"https:\/\/placeoversea.pt\/?s={search_term_string}\"},\"query-input\":{\"@type\":\"PropertyValueSpecification\",\"valueRequired\":true,\"valueName\":\"search_term_string\"}}],\"inLanguage\":\"en-US\"},{\"@type\":\"Organization\",\"@id\":\"https:\/\/placeoversea.pt\/#organization\",\"name\":\"Place Oversea\",\"url\":\"https:\/\/placeoversea.pt\/\",\"logo\":{\"@type\":\"ImageObject\",\"inLanguage\":\"en-US\",\"@id\":\"https:\/\/placeoversea.pt\/#\/schema\/logo\/image\/\",\"url\":\"https:\/\/placeoversea.pt\/wp-content\/uploads\/2024\/04\/cropped-Place-Oversea.webp\",\"contentUrl\":\"https:\/\/placeoversea.pt\/wp-content\/uploads\/2024\/04\/cropped-Place-Oversea.webp\",\"width\":512,\"height\":512,\"caption\":\"Place Oversea\"},\"image\":{\"@id\":\"https:\/\/placeoversea.pt\/#\/schema\/logo\/image\/\"}}]}<\/script>\n<!-- \/ Yoast SEO plugin. -->","yoast_head_json":{"title":"Contactos - Place Oversea","robots":{"index":"index","follow":"follow","max-snippet":"max-snippet:-1","max-image-preview":"max-image-preview:large","max-video-preview":"max-video-preview:-1"},"canonical":"https:\/\/placeoversea.pt\/en\/contacts\/","og_locale":"en_US","og_type":"article","og_title":"Contactos - Place Oversea","og_description":"Contacte-nos Adorar\u00edamos ouvir a sua opini\u00e3o!N\u00e3o hesite em entrar em contacto connosco atrav\u00e9s dos dados abaixo Morada: Ed. Jardins do Mar, Estrada Monumental 410, Funchal Hor\u00e1rio: Segunda a Sexta 9:00 [&hellip;]","og_url":"https:\/\/placeoversea.pt\/en\/contacts\/","og_site_name":"Place Oversea","article_modified_time":"2024-11-05T23:56:04+00:00","og_image":[{"width":1440,"height":1080,"url":"https:\/\/placeoversea.pt\/wp-content\/uploads\/2023\/12\/Ponnta-do-Sol-by-Place-Oversea.webp","type":"image\/webp"}],"twitter_card":"summary_large_image","twitter_misc":{"Est. reading time":"1 minute"},"schema":{"@context":"https:\/\/schema.org","@graph":[{"@type":"WebPage","@id":"https:\/\/placeoversea.pt\/contactos\/","url":"https:\/\/placeoversea.pt\/contactos\/","name":"Contactos - Place Oversea","isPartOf":{"@id":"https:\/\/placeoversea.pt\/#website"},"primaryImageOfPage":{"@id":"https:\/\/placeoversea.pt\/contactos\/#primaryimage"},"image":{"@id":"https:\/\/placeoversea.pt\/contactos\/#primaryimage"},"thumbnailUrl":"https:\/\/placeoversea.pt\/wp-content\/uploads\/2023\/12\/Ponnta-do-Sol-by-Place-Oversea-1024x768.webp","datePublished":"2023-12-05T02:44:03+00:00","dateModified":"2024-11-05T23:56:04+00:00","breadcrumb":{"@id":"https:\/\/placeoversea.pt\/contactos\/#breadcrumb"},"inLanguage":"en-US","potentialAction":[{"@type":"ReadAction","target":["https:\/\/placeoversea.pt\/contactos\/"]}]},{"@type":"ImageObject","inLanguage":"en-US","@id":"https:\/\/placeoversea.pt\/contactos\/#primaryimage","url":"https:\/\/placeoversea.pt\/wp-content\/uploads\/2023\/12\/Ponnta-do-Sol-by-Place-Oversea-1024x768.webp","contentUrl":"https:\/\/placeoversea.pt\/wp-content\/uploads\/2023\/12\/Ponnta-do-Sol-by-Place-Oversea-1024x768.webp"},{"@type":"BreadcrumbList","@id":"https:\/\/placeoversea.pt\/contactos\/#breadcrumb","itemListElement":[{"@type":"ListItem","position":1,"name":"In\u00edcio","item":"https:\/\/placeoversea.pt\/"},{"@type":"ListItem","position":2,"name":"Contactos"}]},{"@type":"WebSite","@id":"https:\/\/placeoversea.pt\/#website","url":"https:\/\/placeoversea.pt\/","name":"Place Oversea","description":"Gest\u00e3o Alojamento Local","publisher":{"@id":"https:\/\/placeoversea.pt\/#organization"},"potentialAction":[{"@type":"SearchAction","target":{"@type":"EntryPoint","urlTemplate":"https:\/\/placeoversea.pt\/?s={search_term_string}"},"query-input":{"@type":"PropertyValueSpecification","valueRequired":true,"valueName":"search_term_string"}}],"inLanguage":"en-US"},{"@type":"Organization","@id":"https:\/\/placeoversea.pt\/#organization","name":"Place Oversea","url":"https:\/\/placeoversea.pt\/","logo":{"@type":"ImageObject","inLanguage":"en-US","@id":"https:\/\/placeoversea.pt\/#\/schema\/logo\/image\/","url":"https:\/\/placeoversea.pt\/wp-content\/uploads\/2024\/04\/cropped-Place-Oversea.webp","contentUrl":"https:\/\/placeoversea.pt\/wp-content\/uploads\/2024\/04\/cropped-Place-Oversea.webp","width":512,"height":512,"caption":"Place Oversea"},"image":{"@id":"https:\/\/placeoversea.pt\/#\/schema\/logo\/image\/"}}]}},"_links":{"self":[{"href":"https:\/\/placeoversea.pt\/en\/wp-json\/wp\/v2\/pages\/1484","targetHints":{"allow":["GET"]}}],"collection":[{"href":"https:\/\/placeoversea.pt\/en\/wp-json\/wp\/v2\/pages"}],"about":[{"href":"https:\/\/placeoversea.pt\/en\/wp-json\/wp\/v2\/types\/page"}],"author":[{"embeddable":true,"href":"https:\/\/placeoversea.pt\/en\/wp-json\/wp\/v2\/users\/1"}],"replies":[{"embeddable":true,"href":"https:\/\/placeoversea.pt\/en\/wp-json\/wp\/v2\/comments?post=1484"}],"version-history":[{"count":12,"href":"https:\/\/placeoversea.pt\/en\/wp-json\/wp\/v2\/pages\/1484\/revisions"}],"predecessor-version":[{"id":2517,"href":"https:\/\/placeoversea.pt\/en\/wp-json\/wp\/v2\/pages\/1484\/revisions\/2517"}],"wp:attachment":[{"href":"https:\/\/placeoversea.pt\/en\/wp-json\/wp\/v2\/media?parent=1484"}],"curies":[{"name":"wp","href":"https:\/\/api.w.org\/{rel}","templated":true}]}}